{"id":10283,"date":"2026-03-20T15:27:29","date_gmt":"2026-03-20T12:27:29","guid":{"rendered":"https:\/\/transliterra.eu\/?page_id=10283"},"modified":"2026-03-20T15:27:30","modified_gmt":"2026-03-20T12:27:30","slug":"kupsiste-kasutamise-poliitika","status":"publish","type":"page","link":"https:\/\/transliterra.eu\/?page_id=10283","title":{"rendered":"K\u00fcpsiste kasutamise poliitika"},"content":{"rendered":"\n<h2 class=\"wp-block-heading\">Mis on k\u00fcpsis?<\/h2>\n\n\n\n<p>K\u00fcpsis on v\u00e4ike fail, mis salvestatakse kasutaja arvutisse, tahvelarvutisse v\u00f5i nutitelefoni, kui ta k\u00fclastab teatud veebisaiti. K\u00e4esolevas dokumendis kirjeldatud teave k\u00fcpsiste kohta kehtib ka teistele sarnastele tehnoloogiatele, mida kasutatakse veebisaidil transliterra.eu. K\u00fcpsis sisaldab tavaliselt selle veebisaidi nime, kust see loodi, kehtivusaega ning juhuslikult genereeritud unikaalset numbrit. Seda kasutatakse veebisaidiga suhtleva brauseri tuvastamiseks.<\/p>\n\n\n\n<p>K\u00fcpsiseid kasutatakse j\u00e4rgmistel eesm\u00e4rkidel:<\/p>\n\n\n\n<p>\u2022 transliterra.eu kohandamine kasutaja eelistustega; k\u00fcpsised v\u00f5imaldavad tuvastada kasutaja seadme ning kuvada transliterra.eu veebisaiti vastavalt kasutaja vajadustele;<\/p>\n\n\n\n<p>\u2022 statistiliste andmete kogumine, mis aitab m\u00f5ista, kuidas transliterra.eu kasutajad veebisaidi teenuseid kasutavad, ning aitab parandada teenuste struktuuri ja t\u00f5husust;<\/p>\n\n\n\n<p>\u2022 kasutaja sessiooni s\u00e4ilitamine p\u00e4rast s\u00fcsteemi sisselogimist (ei ole vaja igal transliterra.eu lehel uuesti sisestada kasutajanime ja parooli).<\/p>\n\n\n\n<p>Veebisaidil transliterra.eu kasutatakse j\u00e4rgmisi k\u00fcpsiste t\u00fc\u00fcpe:<\/p>\n\n\n\n<p>\u2022 k\u00fcpsised, mis tagavad transliterra.eu turvalisuse, n\u00e4iteks failid, mis on vajalikud pettuste tuvastamiseks;<\/p>\n\n\n\n<p>\u2022 \u201evajalikud\u201d k\u00fcpsised, mis v\u00f5imaldavad transliterra.eu teenuste toimimist, n\u00e4iteks k\u00fcpsised kasutajate tuvastamiseks;<\/p>\n\n\n\n<p>\u2022 \u201efunktsionaalsed\u201d k\u00fcpsised, mis m\u00e4letavad kasutaja seadeid ja eelistusi, n\u00e4iteks keelevalikut ja muid s\u00e4tteid.<\/p>\n\n\n\n<p>Transliterra.eu kasutajad saavad muuta k\u00fcpsiste seadeid oma veebibrauseris vastavalt oma eelistustele. Kui kasutaja ei muuda brauseri seadeid, salvestatakse k\u00fcpsised kasutaja seadmesse ning nende kohta k\u00e4iv teave j\u00e4\u00e4b k\u00e4ttesaadavaks.<\/p>\n\n\n\n<p>K\u00fcpsiste keelamine v\u00f5ib p\u00f5hjustada transliterra.eu veebisaidi eba\u00f5iget toimimist, eriti kui on vajalik sisselogimine. Samas ei takista k\u00fcpsiste keelamine transliterra.eu veebisaidi tavalist lugemist ja sirvimist.<\/p>\n\n\n\n<p>K\u00fcpsiseid v\u00f5ivad kasutada ka reklaamijad, uurimisettev\u00f5tted ja multimeediarakendused, mis teevad transliterra.eu-ga koost\u00f6\u00f6d.<\/p>\n\n\n\n<h2 class=\"wp-block-heading\">Kuidas k\u00fcpsised keelata?<\/h2>\n\n\n\n<p><a href=\"http:\/\/support.mozilla.org\/pl\/kb\/W%C5%82%C4%85czanie%20i%20wy%C5%82%C4%85czanie%20obs%C5%82ugi%20ciasteczek\">Firefox<\/a><\/p>\n\n\n\n<p><a href=\"http:\/\/support.google.com\/chrome\/bin\/answer.py?hl=pl&amp;answer=95647\">Chrome<\/a><\/p>\n\n\n\n<p><a href=\"http:\/\/help.opera.com\/Windows\/12.10\/pl\/cookies.html\">Opera<\/a><\/p>\n\n\n\n<p><a href=\"http:\/\/windows.microsoft.com\/pl-pl\/windows7\/block-enable-or-allow-cookies\">Internet Explorer<\/a><\/p>\n\n\n\n<p><a href=\"http:\/\/support.apple.com\/kb\/PH5042\">Safari<\/a><\/p>\n","protected":false},"excerpt":{"rendered":"<p>Mis on k\u00fcpsis? K\u00fcpsis on v\u00e4ike fail, mis salvestatakse kasutaja arvutisse, tahvelarvutisse v\u00f5i nutitelefoni, kui ta k\u00fclastab teatud veebisaiti. K\u00e4esolevas dokumendis kirjeldatud teave k\u00fcpsiste kohta kehtib ka teistele sarnastele tehnoloogiatele, mida kasutatakse veebisaidil transliterra.eu. K\u00fcpsis sisaldab tavaliselt selle veebisaidi nime, kust see loodi, kehtivusaega ning juhuslikult genereeritud unikaalset numbrit. Seda kasutatakse veebisaidiga suhtleva brauseri tuvastamiseks.&hellip;<\/p>\n","protected":false},"author":1,"featured_media":0,"parent":0,"menu_order":0,"comment_status":"closed","ping_status":"closed","template":"","meta":{"footnotes":""},"class_list":["post-10283","page","type-page","status-publish","hentry"],"lang":"et","translations":{"et":10283,"ru":10285,"en":10287},"pll_sync_post":[],"_links":{"self":[{"href":"https:\/\/transliterra.eu\/index.php?rest_route=\/wp\/v2\/pages\/10283","targetHints":{"allow":["GET"]}}],"collection":[{"href":"https:\/\/transliterra.eu\/index.php?rest_route=\/wp\/v2\/pages"}],"about":[{"href":"https:\/\/transliterra.eu\/index.php?rest_route=\/wp\/v2\/types\/page"}],"author":[{"embeddable":true,"href":"https:\/\/transliterra.eu\/index.php?rest_route=\/wp\/v2\/users\/1"}],"replies":[{"embeddable":true,"href":"https:\/\/transliterra.eu\/index.php?rest_route=%2Fwp%2Fv2%2Fcomments&post=10283"}],"version-history":[{"count":1,"href":"https:\/\/transliterra.eu\/index.php?rest_route=\/wp\/v2\/pages\/10283\/revisions"}],"predecessor-version":[{"id":10284,"href":"https:\/\/transliterra.eu\/index.php?rest_route=\/wp\/v2\/pages\/10283\/revisions\/10284"}],"wp:attachment":[{"href":"https:\/\/transliterra.eu\/index.php?rest_route=%2Fwp%2Fv2%2Fmedia&parent=10283"}],"curies":[{"name":"wp","href":"https:\/\/api.w.org\/{rel}","templated":true}]}}