{"id":10272,"date":"2026-03-20T14:50:06","date_gmt":"2026-03-20T11:50:06","guid":{"rendered":"https:\/\/transliterra.eu\/?page_id=10272"},"modified":"2026-03-20T14:50:07","modified_gmt":"2026-03-20T11:50:07","slug":"maksetingimused","status":"publish","type":"page","link":"https:\/\/transliterra.eu\/?page_id=10272","title":{"rendered":"Maksetingimused"},"content":{"rendered":"\n<p><strong>1. \u00dclds\u00e4tted<\/strong><\/p>\n\n\n\n<p>1.1. Teenuste eest tasumine veebilehel toimub makses\u00fcsteemi <strong>Paysera<\/strong> kaudu, mis tagab turvalise maksete t\u00f6\u00f6tlemise kasutajate ja veebilehe administraatori vahel.<\/p>\n\n\n\n<p>1.2. K\u00f5ik maksed tehakse turvalise \u00fchenduse kaudu kasutaja panga ja makses\u00fcsteemi vahel. Veebilehe administraator ei saa ega s\u00e4ilita kasutajate pangakaartide ega pangakontode andmeid.<\/p>\n\n\n\n<p>1.3. Makset loetakse sooritatuks hetkest, mil makses\u00fcsteem kinnitab tehingu edukalt.<\/p>\n\n\n\n<p>1.4. Veebilehel tehtavate maksete valuuta on euro (EUR), kui makselehel ei ole m\u00e4rgitud teisiti.<\/p>\n\n\n\n<p><strong>2. Maksmise kord<\/strong><\/p>\n\n\n\n<p>2.1. Tellimuse vormistamisel on kasutaja kohustatud tasuma tellimuse maksumuse Paysera makses\u00fcsteemi poolt pakutavate makseviiside kaudu.<\/p>\n\n\n\n<p>2.2. P\u00e4rast makse kinnitamist kantakse vahendid administraatori deposiitkontole kuni tellimuse t\u00e4itmise l\u00f5puleviimiseni.<\/p>\n\n\n\n<p>2.3. P\u00e4rast seda, kui kasutaja on t\u00e4idetud tellimuse vastu v\u00f5tnud, kantakse tasu automaatselt teenuse osutajale vastavalt veebilehe reeglitele.<\/p>\n\n\n\n<p>2.4. Administraatoril on \u00f5igus kinni pidada vahendustasu vastavalt veebilehe reeglites kehtestatud m\u00e4\u00e4rale.<\/p>\n\n\n\n<p><strong>3. Komisjonitasud ja tasud<\/strong><\/p>\n\n\n\n<p>3.1. Paysera makses\u00fcsteemi komisjonitasud v\u00f5ivad rakenduda vastavalt makses\u00fcsteemi kehtivatele tariifidele.<\/p>\n\n\n\n<p>3.2. T\u00e4iendavad tasud pankade v\u00f5i makseasutuste poolt v\u00f5ivad kasutajale rakenduda ning neid ei kontrolli veebilehe administraator.<\/p>\n\n\n\n<p>3.3. Kasutaja elektrooniliselt kontolt raha v\u00e4ljamakse komisjonitasu m\u00e4\u00e4ratakse veebilehe reeglites.<\/p>\n\n\n\n<p><strong>4. Raha tagastamine<\/strong><\/p>\n\n\n\n<p>4.1. Raha tagastamine on v\u00f5imalik ainult veebilehe reeglites s\u00e4testatud juhtudel v\u00f5i administraatori arbitraa\u017ei otsuse alusel.<\/p>\n\n\n\n<p>4.2. Tagasimakse tehakse v\u00f5imaluse korral sama makseviisi kaudu, mida kasutati makse tegemisel.<\/p>\n\n\n\n<p>4.3. Tagasimakse t\u00f6\u00f6tlemise aeg v\u00f5ib s\u00f5ltuda Paysera makses\u00fcsteemi ja pankade reeglitest.<\/p>\n\n\n\n<p><strong>5. Maksete turvalisus<\/strong><\/p>\n\n\n\n<p>5.1. K\u00f5ik maksetehingud toimuvad Paysera makses\u00fcsteemi turvalise infrastruktuuri kaudu.<\/p>\n\n\n\n<p>5.2. Administraator ei vastuta makses\u00fcsteemi, pankade ega teiste finantsasutuste t\u00f6\u00f6 h\u00e4irete eest.<\/p>\n\n\n\n<p>5.3. Kasutaja on kohustatud kasutama ainult talle kuuluvaid maksevahendeid ning j\u00e4rgima maksete tegemisel turvareegleid.<\/p>\n","protected":false},"excerpt":{"rendered":"<p>1. \u00dclds\u00e4tted 1.1. Teenuste eest tasumine veebilehel toimub makses\u00fcsteemi Paysera kaudu, mis tagab turvalise maksete t\u00f6\u00f6tlemise kasutajate ja veebilehe administraatori vahel. 1.2. K\u00f5ik maksed tehakse turvalise \u00fchenduse kaudu kasutaja panga ja makses\u00fcsteemi vahel. Veebilehe administraator ei saa ega s\u00e4ilita kasutajate pangakaartide ega pangakontode andmeid. 1.3. Makset loetakse sooritatuks hetkest, mil makses\u00fcsteem kinnitab tehingu edukalt. 1.4.&hellip;<\/p>\n","protected":false},"author":1,"featured_media":0,"parent":0,"menu_order":0,"comment_status":"closed","ping_status":"closed","template":"","meta":{"footnotes":""},"class_list":["post-10272","page","type-page","status-publish","hentry"],"lang":"et","translations":{"et":10272,"ru":10274,"en":10276},"pll_sync_post":[],"_links":{"self":[{"href":"https:\/\/transliterra.eu\/index.php?rest_route=\/wp\/v2\/pages\/10272","targetHints":{"allow":["GET"]}}],"collection":[{"href":"https:\/\/transliterra.eu\/index.php?rest_route=\/wp\/v2\/pages"}],"about":[{"href":"https:\/\/transliterra.eu\/index.php?rest_route=\/wp\/v2\/types\/page"}],"author":[{"embeddable":true,"href":"https:\/\/transliterra.eu\/index.php?rest_route=\/wp\/v2\/users\/1"}],"replies":[{"embeddable":true,"href":"https:\/\/transliterra.eu\/index.php?rest_route=%2Fwp%2Fv2%2Fcomments&post=10272"}],"version-history":[{"count":1,"href":"https:\/\/transliterra.eu\/index.php?rest_route=\/wp\/v2\/pages\/10272\/revisions"}],"predecessor-version":[{"id":10273,"href":"https:\/\/transliterra.eu\/index.php?rest_route=\/wp\/v2\/pages\/10272\/revisions\/10273"}],"wp:attachment":[{"href":"https:\/\/transliterra.eu\/index.php?rest_route=%2Fwp%2Fv2%2Fmedia&parent=10272"}],"curies":[{"name":"wp","href":"https:\/\/api.w.org\/{rel}","templated":true}]}}