{"id":10254,"date":"2026-03-20T14:34:34","date_gmt":"2026-03-20T11:34:34","guid":{"rendered":"https:\/\/transliterra.eu\/?page_id=10254"},"modified":"2026-03-20T14:35:40","modified_gmt":"2026-03-20T11:35:40","slug":"%d1%83%d1%81%d0%bb%d0%be%d0%b2%d0%b8%d1%8f-%d0%be%d0%b1%d1%80%d0%b0%d0%b1%d0%be%d1%82%d0%ba%d0%b8-%d0%bf%d0%b5%d1%80%d1%81%d0%be%d0%bd%d0%b0%d0%bb%d1%8c%d0%bd%d1%8b%d1%85-%d0%b4%d0%b0%d0%bd%d0%bd","status":"publish","type":"page","link":"https:\/\/transliterra.eu\/?page_id=10254","title":{"rendered":"Isikuandmede t\u00f6\u00f6tlemise tingimused"},"content":{"rendered":"\n<h1 class=\"wp-block-heading\">Isikuandmede t\u00f6\u00f6tlemise tingimused<\/h1>\n\n\n\n<p><\/p>\n\n\n\n<p><strong>Isikuandmete t\u00f6\u00f6tlemise tingimused<\/strong><\/p>\n\n\n\n<p>Kliendi isikuandmete turvalisus ja konfidentsiaalsus on meile esmat\u00e4htis.<\/p>\n\n\n\n<p>Siin selgitame, millist teavet me kasutaja kohta kogume ja kasutame ning millist teavet jagame kolmandate osapooltega. Tingimused on koostatud koosk\u00f5las EL \u00f5igusaktide ja EV seadustega.<\/p>\n\n\n\n<p><strong>Andmesubjekti isikuandmete kogumine<\/strong><\/p>\n\n\n\n<p>Tontex O\u00dc (edaspidi transliterra.eu)&nbsp;kogub erinevat t\u00fc\u00fcpi teavet, et pakkuda kasutajale teenuseid usaldusv\u00e4\u00e4rselt ja turvaliselt. Kogutava teabe suhtes tegutseb transliterra.eu vastutava t\u00f6\u00f6tlejana.<\/p>\n\n\n\n<p>Transliterra.eu kogub:<\/p>\n\n\n\n<p>&#8212; isikuandmed &#8212; teave tuvastatud v\u00f5i tuvastatava f\u00fc\u00fcsilise isiku kohta.<\/p>\n\n\n\n<p>&#8212; kasutajakonto teave &#8212; kui kasutate transliterra.eu teenuseid, kogutakse ja seostatakse konkreetse kasutajakontoga kasutaja esitatav teave, n\u00e4iteks kasutaja ees- ja perekonnanimi, e-posti aadress, mobiiltelefoninumber jne. See teave s\u00e4ilitatakse ja t\u00f6\u00f6deldakse Euroopa Liidus\/Euroopa Majanduspiirkonnas (EL\/EMP). Infot, sh tellimuste ajalugu, kogub transliterra.eu klienditeeninduse osutamiseks, lepingute s\u00f5lmimiseks, pakkumiste saatmiseks, teenuste osutamiseks, uudiste edastamiseks ja muudel \u00f5iguslikel eesm\u00e4rkidel.<\/p>\n\n\n\n<p>&#8212; kasutaja \u00fcleslaetud andmed (kliendiandmed) &#8212; k\u00f5ik andmed, mille kasutaja meile teatavaks teeb v\u00f5i \u00fcles laeb, s\u00e4ilitatakse, t\u00f6\u00f6deldakse ja edastatakse vastavalt kasutaja antud juhistele. Teavet s\u00e4ilitatakse ja t\u00f6\u00f6deldakse EL\/EMP-s.<\/p>\n\n\n\n<p>&#8212; muu teave \u2013 transliterra.eu v\u00f5ib saada kasutaja kohta informatsiooni ka kolmandatelt isikutelt v\u00f5i k\u00fcpsistest, kui selleks on antud n\u00f5usolek v\u00f5i see on vajalik transliterra.eu teenuste osutamiseks.<\/p>\n\n\n\n<p>&#8212; kontaktandmed &#8212; kasutaja esitatud kontaktandmed, mida transliterra.eu kasutab vastamaks kasutaja k\u00fcsimustele ja tagasisidele, sh teavitamaks t\u00f5lket\u00f6\u00f6ga seotud aspektidest. Seda teavet (nimi, perekonnanimi, e-post, telefoninumber, s\u00f5numite sisu jt andmed) kogub transliterra.eu l\u00e4bi meie veebivormide. &nbsp;<\/p>\n\n\n\n<p><strong>Andmesubjekti teabe avaldamine<\/strong><\/p>\n\n\n\n<p>Jagame kasutajast andmesubjekti isikuandmeid kolmandate isikutega ainult j\u00e4rgmistel asjaoludel:<\/p>\n\n\n\n<p>&#8212;&nbsp;&nbsp;&nbsp;&nbsp;&nbsp;&nbsp;&nbsp;&nbsp;v\u00e4liseks t\u00f6\u00f6tlemiseks &#8212; jagame teavet usaldusv\u00e4\u00e4rsete \u00e4ripartneritega vastavalt k\u00e4esolevatele isikuandmete t\u00f6\u00f6tlemise tingimustele. Sel juhul t\u00f6\u00f6deldakse kasutaja teavet transliterra.eu juhiste alusel. Kolmandad isikud on nt kullerid, veebiarendus, hosting jms.<\/p>\n\n\n\n<p>&#8212;&nbsp;&nbsp;&nbsp;&nbsp;&nbsp;&nbsp;&nbsp;&nbsp;seaduslikud p\u00e4ringud \u2013 transliterra.eu v\u00f5ib avaldada isikuandmeid seadusest tulenevate kohustuste t\u00e4itmiseks v\u00f5i transliterra.eu \u00f5iguste kaitseks, nt seaduses tuleneva valitsuse n\u00f5ude t\u00e4itmiseks, teenuste osutamise rikkumise v\u00e4ltimiseks, jms.<\/p>\n\n\n\n<p>&#8212;&nbsp;&nbsp;&nbsp;&nbsp;&nbsp;&nbsp;&nbsp;&nbsp;\u00e4ritegevuse v\u00f5\u00f5randamine &#8212; kasutaja isikuandmeid v\u00f5ib transliterra.eu jagada v\u00f5i \u00fcle kanda \u00e4ritegevuse \u00fchinemise, omandamise v\u00f5i muude s\u00fcndmuste korral.<\/p>\n\n\n\n<p><strong>Infoturve<\/strong><\/p>\n\n\n\n<p>Andmesubjekti andmete kaitsmiseks kasutatakse tehniliseid ja organisatsioonilisi meetmeid. Transliterra.eu kasutame teenuste osutamisel 256-bitist kr\u00fcpteerimist. Andmeid s\u00e4ilitatakse vastavalt k\u00f5rgetele turvastandarditele.<\/p>\n\n\n\n<p>K\u00f5ik transliterra.eu teenused on loodud algusest peale turvalisena ja kaitstud volitamata juurdep\u00e4\u00e4su, h\u00e4vitamise, muutmise, kasutamise v\u00f5i jagamise eest.<\/p>\n\n\n\n<p><strong>S\u00e4ilitamisp\u00f5him\u00f5tted<\/strong><\/p>\n\n\n\n<p>Transliterra.eu kustutab kasutajakontodest sisu m\u00f5istliku aja jooksul p\u00e4rast konto sulgemist.<\/p>\n\n\n\n<p>Transliterra.eu s\u00e4ilitab tegevuste kohta tehtud logisid 30 p\u00e4eva. Need eemaldatakse \u00fche n\u00e4dala jooksul p\u00e4rast s\u00e4ilitamisperioodi l\u00f5ppu.<\/p>\n\n\n\n<p>Arve esitamise infot s\u00e4ilitatakse 6 aastat vastavalt EV seadusandlusele.<\/p>\n\n\n\n<p><strong>Andmete asukoht<\/strong><\/p>\n\n\n\n<p>Isikuandmeid t\u00f6\u00f6deldakse EL\/EMP-s piires.&nbsp;Transliterra.eu partnerid j\u00e4rgivad vastavaid andmekaitsestandardeid. Kui partner asub v\u00e4ljaspool EM\/EMP-i, tagab transliterra.eu koost\u00f6\u00f6s rakenduvate EL regulatsioonide rakendamist.<\/p>\n\n\n\n<p><strong>Andmesubjekti \u00f5igused<\/strong><\/p>\n\n\n\n<p>Kasutajast andmekaitsesubjektil on allj\u00e4rgnevad \u00f5igused:<\/p>\n\n\n\n<p>&#8212;&nbsp;&nbsp;&nbsp;&nbsp;&nbsp;&nbsp;&nbsp;&nbsp;\u00f5igus teada saada, millist teavet transliterra.eu kasutaja kohta kogub,<\/p>\n\n\n\n<p>&#8212;&nbsp;&nbsp;&nbsp;&nbsp;&nbsp;&nbsp;&nbsp;&nbsp;\u00f5igus oma andmete korrigeerimisele ja kustutamisele,<\/p>\n\n\n\n<p>&#8212;&nbsp;&nbsp;&nbsp;&nbsp;&nbsp;&nbsp;&nbsp;&nbsp;\u00f5igus esitada vastuv\u00e4iteid andmete t\u00f6\u00f6tlemisele,<\/p>\n\n\n\n<p>&#8212;&nbsp;&nbsp;&nbsp;&nbsp;&nbsp;&nbsp;&nbsp;&nbsp;\u00f5igus tutvuda kogutava teabega,<\/p>\n\n\n\n<p>&#8212;&nbsp;&nbsp;&nbsp;&nbsp;&nbsp;&nbsp;&nbsp;&nbsp;\u00f5igus antud luba tagasi v\u00f5tta,<\/p>\n\n\n\n<p>&#8212;&nbsp;&nbsp;&nbsp;&nbsp;&nbsp;&nbsp;&nbsp;&nbsp;\u00f5igus keelata oma andmete turunduseesm\u00e4rgil otsene kasutamine,<\/p>\n\n\n\n<p>&#8212;&nbsp;&nbsp;&nbsp;&nbsp;&nbsp;&nbsp;&nbsp;&nbsp;\u00f5igus olla unustatud,<\/p>\n\n\n\n<p>&#8212;&nbsp;&nbsp;&nbsp;&nbsp;&nbsp;&nbsp;&nbsp;&nbsp;\u00f5igus esitada kaebusi j\u00e4relevalveasutusele,<\/p>\n\n\n\n<p>&#8212;&nbsp;&nbsp;&nbsp;&nbsp;&nbsp;&nbsp;&nbsp;&nbsp;\u00f5igus \u00fcle viia oma isikuandmed teisele andmet\u00f6\u00f6tlejale.<\/p>\n\n\n\n<p>Oma \u00f5iguste kasutamiseks p\u00f6\u00f6rduge vastutava t\u00f6\u00f6tleja poole, saates n\u00f5ude e-posti aadressil&nbsp;<a href=\"mailto:info@transliterra.eu\">info@transliterra.eu<\/a>. N\u00f5ude l\u00e4bivaatamise kohustuslik eeldus on p\u00f6\u00f6rduja andmesubjekti tuvastamine. Samuti ootame teilt n\u00f5ude detailset kirjeldust ja p\u00f5hjendust. Kui me ei saa teid andmesubjektina tuvastada, et ole meil \u00f5igust teile teavet jagada.<\/p>\n\n\n\n<p><strong>K\u00fcpsised<\/strong><\/p>\n\n\n\n<p>Transliterra.eu v\u00f5ib kasutada k\u00fcpsiseid, et parandada isikute kasutajakogemust veebilehel ning muuta selle kasutamise sujuvamaks ja mugavamaks.<\/p>\n\n\n\n<p>Transliterra.eu kasutab k\u00fcpsiseid isikustamata, anon\u00fc\u00fcmse ja \u00fcldistatud statistika kogumiseks veebilehe k\u00fclastajate arvu ja veebilehte kasutusviisi kohta eesm\u00e4rgiga muuta veebileht veelgi kasulikumaks ja paremaks.<\/p>\n\n\n\n<p>Kui kasutaja ei n\u00f5ustu k\u00fcpsiste kasutamisega, saab kasutaja blokeerida k\u00fcpsiseid veebilehitsejas. K\u00fcpsiste mittekasutamisel v\u00f5ivad veebilehed mittekorrektselt toimida ja k\u00f5ik teenused ei pruugi olla k\u00e4ttesaadavad.<\/p>\n\n\n\n<p><strong>Muudatused ja uuendused<\/strong><\/p>\n\n\n\n<p>Isikuandmete t\u00f6\u00f6tlemise tingimusi uuendatakse regulaarselt, transliterra.eu teavitab teid olulistest muudatustest veebilehel.<\/p>\n\n\n\n<p><strong>Vastutava t\u00f6\u00f6tleja kontaktandmed<\/strong><\/p>\n\n\n\n<p>K\u00fcsimustega oma isikuandmete t\u00f6\u00f6tlemise kohta olete oodatud kirjutama aadressil:&nbsp;<a href=\"mailto:info@transliterra.eu\">info@transliterra.eu<\/a><\/p>\n\n\n\n<p>K\u00e4esolevad tingimused hakkavad kehtima alates 01.03.2024.<\/p>\n\n\n\n<p><\/p>\n\n\n\n<p><\/p>\n","protected":false},"excerpt":{"rendered":"<p>Isikuandmede t\u00f6\u00f6tlemise tingimused Isikuandmete t\u00f6\u00f6tlemise tingimused Kliendi isikuandmete turvalisus ja konfidentsiaalsus on meile esmat\u00e4htis. Siin selgitame, millist teavet me kasutaja kohta kogume ja kasutame ning millist teavet jagame kolmandate osapooltega. Tingimused on koostatud koosk\u00f5las EL \u00f5igusaktide ja EV seadustega. Andmesubjekti isikuandmete kogumine Tontex O\u00dc (edaspidi transliterra.eu)&nbsp;kogub erinevat t\u00fc\u00fcpi teavet, et pakkuda kasutajale teenuseid usaldusv\u00e4\u00e4rselt ja&hellip;<\/p>\n","protected":false},"author":1,"featured_media":0,"parent":0,"menu_order":0,"comment_status":"closed","ping_status":"closed","template":"","meta":{"footnotes":""},"class_list":["post-10254","page","type-page","status-publish","hentry"],"lang":"et","translations":{"et":10254,"ru":10258,"en":10260},"pll_sync_post":[],"_links":{"self":[{"href":"https:\/\/transliterra.eu\/index.php?rest_route=\/wp\/v2\/pages\/10254","targetHints":{"allow":["GET"]}}],"collection":[{"href":"https:\/\/transliterra.eu\/index.php?rest_route=\/wp\/v2\/pages"}],"about":[{"href":"https:\/\/transliterra.eu\/index.php?rest_route=\/wp\/v2\/types\/page"}],"author":[{"embeddable":true,"href":"https:\/\/transliterra.eu\/index.php?rest_route=\/wp\/v2\/users\/1"}],"replies":[{"embeddable":true,"href":"https:\/\/transliterra.eu\/index.php?rest_route=%2Fwp%2Fv2%2Fcomments&post=10254"}],"version-history":[{"count":3,"href":"https:\/\/transliterra.eu\/index.php?rest_route=\/wp\/v2\/pages\/10254\/revisions"}],"predecessor-version":[{"id":10257,"href":"https:\/\/transliterra.eu\/index.php?rest_route=\/wp\/v2\/pages\/10254\/revisions\/10257"}],"wp:attachment":[{"href":"https:\/\/transliterra.eu\/index.php?rest_route=%2Fwp%2Fv2%2Fmedia&parent=10254"}],"curies":[{"name":"wp","href":"https:\/\/api.w.org\/{rel}","templated":true}]}}